{"id":469,"date":"2021-09-21T11:07:31","date_gmt":"2021-09-21T15:07:31","guid":{"rendered":"https:\/\/adrianathebombshell.com\/upcoming-shows\/"},"modified":"2024-04-29T16:35:07","modified_gmt":"2024-04-29T20:35:07","slug":"spectacles-a-venir","status":"publish","type":"page","link":"https:\/\/adrianathebombshell.com\/fr\/spectacles-a-venir\/","title":{"rendered":"Spectacles \u00e0 venir"},"content":{"rendered":"[vc_row type=\u00a0\u00bbfull_width_background\u00a0\u00bb full_screen_row_position=\u00a0\u00bbmiddle\u00a0\u00bb column_margin=\u00a0\u00bbdefault\u00a0\u00bb equal_height=\u00a0\u00bbyes\u00a0\u00bb content_placement=\u00a0\u00bbtop\u00a0\u00bb column_direction=\u00a0\u00bbdefault\u00a0\u00bb column_direction_tablet=\u00a0\u00bbdefault\u00a0\u00bb column_direction_phone=\u00a0\u00bbdefault\u00a0\u00bb bg_color=\u00a0\u00bb#20003d\u00a0\u00bb scene_position=\u00a0\u00bbcenter\u00a0\u00bb top_padding=\u00a0\u00bb0&Prime; bottom_padding=\u00a0\u00bb10%\u00a0\u00bb text_color=\u00a0\u00bblight\u00a0\u00bb text_align=\u00a0\u00bbleft\u00a0\u00bb row_border_radius=\u00a0\u00bbnone\u00a0\u00bb row_border_radius_applies=\u00a0\u00bbbg\u00a0\u00bb overlay_strength=\u00a0\u00bb1&Prime; gradient_direction=\u00a0\u00bbleft_to_right\u00a0\u00bb shape_divider_position=\u00a0\u00bbbottom\u00a0\u00bb bg_image_animation=\u00a0\u00bbnone\u00a0\u00bb parallax_bg=\u00a0\u00bbtrue\u00a0\u00bb parallax_bg_speed=\u00a0\u00bbfast\u00a0\u00bb shape_type=\u00a0\u00bbcurve\u00a0\u00bb][vc_column column_padding=\u00a0\u00bbno-extra-padding\u00a0\u00bb column_padding_tablet=\u00a0\u00bbinherit\u00a0\u00bb column_padding_phone=\u00a0\u00bbinherit\u00a0\u00bb column_padding_position=\u00a0\u00bball\u00a0\u00bb column_element_spacing=\u00a0\u00bbdefault\u00a0\u00bb background_color=\u00a0\u00bbrgba(34,31,52,0.01)\u00a0\u00bb background_color_opacity=\u00a0\u00bb1&Prime; background_hover_color_opacity=\u00a0\u00bb1&Prime; column_shadow=\u00a0\u00bbnone\u00a0\u00bb column_border_radius=\u00a0\u00bbnone\u00a0\u00bb column_link_target=\u00a0\u00bb_self\u00a0\u00bb gradient_direction=\u00a0\u00bbleft_to_right\u00a0\u00bb overlay_strength=\u00a0\u00bb0.3&Prime; width=\u00a0\u00bb1\/1&Prime; tablet_width_inherit=\u00a0\u00bbdefault\u00a0\u00bb tablet_text_alignment=\u00a0\u00bbdefault\u00a0\u00bb phone_text_alignment=\u00a0\u00bbdefault\u00a0\u00bb bg_image_animation=\u00a0\u00bbnone\u00a0\u00bb enable_animation=\u00a0\u00bbtrue\u00a0\u00bb animation=\u00a0\u00bbfade-in-from-bottom\u00a0\u00bb border_type=\u00a0\u00bbsimple\u00a0\u00bb column_border_width=\u00a0\u00bbnone\u00a0\u00bb column_border_style=\u00a0\u00bbsolid\u00a0\u00bb][vc_row_inner column_margin=\u00a0\u00bbdefault\u00a0\u00bb column_direction=\u00a0\u00bbdefault\u00a0\u00bb column_direction_tablet=\u00a0\u00bbdefault\u00a0\u00bb column_direction_phone=\u00a0\u00bbdefault\u00a0\u00bb text_align=\u00a0\u00bbleft\u00a0\u00bb][vc_column_inner column_padding=\u00a0\u00bbno-extra-padding\u00a0\u00bb column_padding_tablet=\u00a0\u00bbinherit\u00a0\u00bb column_padding_phone=\u00a0\u00bbinherit\u00a0\u00bb column_padding_position=\u00a0\u00bball\u00a0\u00bb column_element_spacing=\u00a0\u00bbdefault\u00a0\u00bb centered_text=\u00a0\u00bbtrue\u00a0\u00bb background_color_opacity=\u00a0\u00bb1&Prime; background_hover_color_opacity=\u00a0\u00bb1&Prime; column_shadow=\u00a0\u00bbnone\u00a0\u00bb column_border_radius=\u00a0\u00bbnone\u00a0\u00bb column_link_target=\u00a0\u00bb_self\u00a0\u00bb gradient_direction=\u00a0\u00bbleft_to_right\u00a0\u00bb overlay_strength=\u00a0\u00bb0.3&Prime; width=\u00a0\u00bb1\/1&Prime; tablet_width_inherit=\u00a0\u00bbdefault\u00a0\u00bb bg_image_animation=\u00a0\u00bbnone\u00a0\u00bb enable_animation=\u00a0\u00bbtrue\u00a0\u00bb animation=\u00a0\u00bbfade-in-from-bottom\u00a0\u00bb border_type=\u00a0\u00bbsimple\u00a0\u00bb column_border_width=\u00a0\u00bbnone\u00a0\u00bb column_border_style=\u00a0\u00bbsolid\u00a0\u00bb][vc_column_text css=\u00a0\u00bb.vc_custom_1633972753900{margin-bottom: 90px !important;}\u00a0\u00bb]\n<h1>Spectacles \u00e0 venir<\/h1>\n[\/vc_column_text][\/vc_column_inner][\/vc_row_inner][\/vc_column][\/vc_row][vc_row type=\u00a0\u00bbin_container\u00a0\u00bb full_screen_row_position=\u00a0\u00bbmiddle\u00a0\u00bb column_margin=\u00a0\u00bbdefault\u00a0\u00bb column_direction=\u00a0\u00bbdefault\u00a0\u00bb column_direction_tablet=\u00a0\u00bbdefault\u00a0\u00bb column_direction_phone=\u00a0\u00bbdefault\u00a0\u00bb scene_position=\u00a0\u00bbcenter\u00a0\u00bb text_color=\u00a0\u00bbdark\u00a0\u00bb text_align=\u00a0\u00bbleft\u00a0\u00bb row_border_radius=\u00a0\u00bbnone\u00a0\u00bb row_border_radius_applies=\u00a0\u00bbbg\u00a0\u00bb overlay_strength=\u00a0\u00bb0.3&Prime; gradient_direction=\u00a0\u00bbleft_to_right\u00a0\u00bb shape_divider_position=\u00a0\u00bbbottom\u00a0\u00bb bg_image_animation=\u00a0\u00bbnone\u00a0\u00bb][vc_column column_padding=\u00a0\u00bbno-extra-padding\u00a0\u00bb column_padding_tablet=\u00a0\u00bbinherit\u00a0\u00bb column_padding_phone=\u00a0\u00bbinherit\u00a0\u00bb column_padding_position=\u00a0\u00bball\u00a0\u00bb column_element_spacing=\u00a0\u00bbdefault\u00a0\u00bb background_color_opacity=\u00a0\u00bb1&Prime; background_hover_color_opacity=\u00a0\u00bb1&Prime; column_shadow=\u00a0\u00bbnone\u00a0\u00bb column_border_radius=\u00a0\u00bbnone\u00a0\u00bb column_link_target=\u00a0\u00bb_self\u00a0\u00bb gradient_direction=\u00a0\u00bbleft_to_right\u00a0\u00bb overlay_strength=\u00a0\u00bb0.3&Prime; width=\u00a0\u00bb1\/1&Prime; tablet_width_inherit=\u00a0\u00bbdefault\u00a0\u00bb tablet_text_alignment=\u00a0\u00bbdefault\u00a0\u00bb phone_text_alignment=\u00a0\u00bbdefault\u00a0\u00bb bg_image_animation=\u00a0\u00bbnone\u00a0\u00bb border_type=\u00a0\u00bbsimple\u00a0\u00bb column_border_width=\u00a0\u00bbnone\u00a0\u00bb column_border_style=\u00a0\u00bbsolid\u00a0\u00bb]<div class=\"nectar-fancy-ul\" data-list-icon=\"icon-salient-thin-line\" data-animation=\"false\" data-animation-delay=\"0\" data-color=\"accent-color\" data-spacing=\"default\" data-alignment=\"left\"> \n<h4 style=\"text-align: center;\">\u00c0 venir.<\/h4>\n<h4 style=\"text-align: center;\">Pour rester \u00e0 l&rsquo;affut des prochaines performances d&rsquo;Adriana, regardez ses stories sur son profil Instagram \u00e0 <a href=\"https:\/\/www.instagram.com\/adrianathebombshell\/\">@adrianathebombshell<\/a><\/h4>\n <\/div>[\/vc_column][\/vc_row]\n","protected":false},"excerpt":{"rendered":"<p>[vc_row type=\u00a0\u00bbfull_width_background\u00a0\u00bb full_screen_row_position=\u00a0\u00bbmiddle\u00a0\u00bb column_margin=\u00a0\u00bbdefault\u00a0\u00bb equal_height=\u00a0\u00bbyes\u00a0\u00bb content_placement=\u00a0\u00bbtop\u00a0\u00bb column_direction=\u00a0\u00bbdefault\u00a0\u00bb column_direction_tablet=\u00a0\u00bbdefault\u00a0\u00bb column_direction_phone=\u00a0\u00bbdefault\u00a0\u00bb bg_color=\u00a0\u00bb#20003d\u00a0\u00bb scene_position=\u00a0\u00bbcenter\u00a0\u00bb top_padding=\u00a0\u00bb0&Prime; bottom_padding=\u00a0\u00bb10%\u00a0\u00bb text_color=\u00a0\u00bblight\u00a0\u00bb text_align=\u00a0\u00bbleft\u00a0\u00bb row_border_radius=\u00a0\u00bbnone\u00a0\u00bb row_border_radius_applies=\u00a0\u00bbbg\u00a0\u00bb overlay_strength=\u00a0\u00bb1&Prime; gradient_direction=\u00a0\u00bbleft_to_right\u00a0\u00bb shape_divider_position=\u00a0\u00bbbottom\u00a0\u00bb bg_image_animation=\u00a0\u00bbnone\u00a0\u00bb parallax_bg=\u00a0\u00bbtrue\u00a0\u00bb parallax_bg_speed=\u00a0\u00bbfast\u00a0\u00bb shape_type=\u00a0\u00bbcurve\u00a0\u00bb][vc_column column_padding=\u00a0\u00bbno-extra-padding\u00a0\u00bb column_padding_tablet=\u00a0\u00bbinherit\u00a0\u00bb column_padding_phone=\u00a0\u00bbinherit\u00a0\u00bb column_padding_position=\u00a0\u00bball\u00a0\u00bb column_element_spacing=\u00a0\u00bbdefault\u00a0\u00bb background_color=\u00a0\u00bbrgba(34,31,52,0.01)\u00a0\u00bb&#8230;<\/p>\n","protected":false},"author":1,"featured_media":0,"parent":0,"menu_order":0,"comment_status":"closed","ping_status":"closed","template":"","meta":{"footnotes":""},"class_list":["post-469","page","type-page","status-publish"],"yoast_head":"<!-- This site is optimized with the Yoast SEO Premium plugin v21.6 (Yoast SEO v27.6) - https:\/\/yoast.com\/product\/yoast-seo-premium-wordpress\/ -->\n<title>Spectacles \u00e0 venir - Adriana (The Bombshell)<\/title>\n<meta name=\"description\" content=\"Voyez la Drag Queen Adriana LIVE lors de ses prochains \u00e9v\u00e9nements et spectacles \u00e0 Montr\u00e9al, \u00e0 Qu\u00e9bec ou dans une ville pr\u00e8s de chez vous!\" \/>\n<meta name=\"robots\" content=\"index, follow, max-snippet:-1, max-image-preview:large, max-video-preview:-1\" \/>\n<link rel=\"canonical\" href=\"https:\/\/adrianathebombshell.com\/fr\/spectacles-a-venir\/\" \/>\n<meta property=\"og:locale\" content=\"fr_FR\" \/>\n<meta property=\"og:type\" content=\"article\" \/>\n<meta property=\"og:title\" content=\"Spectacles \u00e0 venir\" \/>\n<meta property=\"og:description\" content=\"Voyez la Drag Queen Adriana LIVE lors de ses prochains \u00e9v\u00e9nements et spectacles \u00e0 Montr\u00e9al, \u00e0 Qu\u00e9bec ou dans une ville pr\u00e8s de chez vous!\" \/>\n<meta property=\"og:url\" content=\"https:\/\/adrianathebombshell.com\/fr\/spectacles-a-venir\/\" \/>\n<meta property=\"og:site_name\" content=\"Adriana (The Bombshell)\" \/>\n<meta property=\"article:publisher\" content=\"https:\/\/www.facebook.com\/adrianathebombshell\" \/>\n<meta property=\"article:modified_time\" content=\"2024-04-29T20:35:07+00:00\" \/>\n<meta name=\"twitter:card\" content=\"summary_large_image\" \/>\n<meta name=\"twitter:site\" content=\"@thebombadriana\" \/>\n<meta name=\"twitter:label1\" content=\"Dur\u00e9e de lecture estim\u00e9e\" \/>\n\t<meta name=\"twitter:data1\" content=\"1 minute\" \/>\n<script type=\"application\/ld+json\" class=\"yoast-schema-graph\">{\"@context\":\"https:\\\/\\\/schema.org\",\"@graph\":[{\"@type\":\"WebPage\",\"@id\":\"https:\\\/\\\/adrianathebombshell.com\\\/fr\\\/spectacles-a-venir\\\/\",\"url\":\"https:\\\/\\\/adrianathebombshell.com\\\/fr\\\/spectacles-a-venir\\\/\",\"name\":\"Spectacles \u00e0 venir - Adriana (The Bombshell)\",\"isPartOf\":{\"@id\":\"https:\\\/\\\/adrianathebombshell.com\\\/fr\\\/#website\"},\"datePublished\":\"2021-09-21T15:07:31+00:00\",\"dateModified\":\"2024-04-29T20:35:07+00:00\",\"description\":\"Voyez la Drag Queen Adriana LIVE lors de ses prochains \u00e9v\u00e9nements et spectacles \u00e0 Montr\u00e9al, \u00e0 Qu\u00e9bec ou dans une ville pr\u00e8s de chez vous!\",\"breadcrumb\":{\"@id\":\"https:\\\/\\\/adrianathebombshell.com\\\/fr\\\/spectacles-a-venir\\\/#breadcrumb\"},\"inLanguage\":\"fr-FR\",\"potentialAction\":[{\"@type\":\"ReadAction\",\"target\":[\"https:\\\/\\\/adrianathebombshell.com\\\/fr\\\/spectacles-a-venir\\\/\"]}]},{\"@type\":\"BreadcrumbList\",\"@id\":\"https:\\\/\\\/adrianathebombshell.com\\\/fr\\\/spectacles-a-venir\\\/#breadcrumb\",\"itemListElement\":[{\"@type\":\"ListItem\",\"position\":1,\"name\":\"Home\",\"item\":\"https:\\\/\\\/adrianathebombshell.com\\\/fr\\\/\"},{\"@type\":\"ListItem\",\"position\":2,\"name\":\"Spectacles \u00e0 venir\"}]},{\"@type\":\"WebSite\",\"@id\":\"https:\\\/\\\/adrianathebombshell.com\\\/fr\\\/#website\",\"url\":\"https:\\\/\\\/adrianathebombshell.com\\\/fr\\\/\",\"name\":\"Adriana (The Bombshell)\",\"description\":\"Adriana the Latinx drag bombshell\",\"publisher\":{\"@id\":\"https:\\\/\\\/adrianathebombshell.com\\\/fr\\\/#organization\"},\"potentialAction\":[{\"@type\":\"SearchAction\",\"target\":{\"@type\":\"EntryPoint\",\"urlTemplate\":\"https:\\\/\\\/adrianathebombshell.com\\\/fr\\\/?s={search_term_string}\"},\"query-input\":{\"@type\":\"PropertyValueSpecification\",\"valueRequired\":true,\"valueName\":\"search_term_string\"}}],\"inLanguage\":\"fr-FR\"},{\"@type\":\"Organization\",\"@id\":\"https:\\\/\\\/adrianathebombshell.com\\\/fr\\\/#organization\",\"name\":\"Adriana The Bombshell\",\"url\":\"https:\\\/\\\/adrianathebombshell.com\\\/fr\\\/\",\"logo\":{\"@type\":\"ImageObject\",\"inLanguage\":\"fr-FR\",\"@id\":\"https:\\\/\\\/adrianathebombshell.com\\\/fr\\\/#\\\/schema\\\/logo\\\/image\\\/\",\"url\":\"https:\\\/\\\/adrianathebombshell.com\\\/wp-content\\\/uploads\\\/2021\\\/12\\\/ADRIANA-FINAL-Officiel-Pink.png\",\"contentUrl\":\"https:\\\/\\\/adrianathebombshell.com\\\/wp-content\\\/uploads\\\/2021\\\/12\\\/ADRIANA-FINAL-Officiel-Pink.png\",\"width\":1920,\"height\":1080,\"caption\":\"Adriana The Bombshell\"},\"image\":{\"@id\":\"https:\\\/\\\/adrianathebombshell.com\\\/fr\\\/#\\\/schema\\\/logo\\\/image\\\/\"},\"sameAs\":[\"https:\\\/\\\/www.facebook.com\\\/adrianathebombshell\",\"https:\\\/\\\/x.com\\\/thebombadriana\",\"http:\\\/\\\/instagram.com\\\/adrianathebombshel\\\/\"]}]}<\/script>\n<!-- \/ Yoast SEO Premium plugin. -->","yoast_head_json":{"title":"Spectacles \u00e0 venir - Adriana (The Bombshell)","description":"Voyez la Drag Queen Adriana LIVE lors de ses prochains \u00e9v\u00e9nements et spectacles \u00e0 Montr\u00e9al, \u00e0 Qu\u00e9bec ou dans une ville pr\u00e8s de chez vous!","robots":{"index":"index","follow":"follow","max-snippet":"max-snippet:-1","max-image-preview":"max-image-preview:large","max-video-preview":"max-video-preview:-1"},"canonical":"https:\/\/adrianathebombshell.com\/fr\/spectacles-a-venir\/","og_locale":"fr_FR","og_type":"article","og_title":"Spectacles \u00e0 venir","og_description":"Voyez la Drag Queen Adriana LIVE lors de ses prochains \u00e9v\u00e9nements et spectacles \u00e0 Montr\u00e9al, \u00e0 Qu\u00e9bec ou dans une ville pr\u00e8s de chez vous!","og_url":"https:\/\/adrianathebombshell.com\/fr\/spectacles-a-venir\/","og_site_name":"Adriana (The Bombshell)","article_publisher":"https:\/\/www.facebook.com\/adrianathebombshell","article_modified_time":"2024-04-29T20:35:07+00:00","twitter_card":"summary_large_image","twitter_site":"@thebombadriana","twitter_misc":{"Dur\u00e9e de lecture estim\u00e9e":"1 minute"},"schema":{"@context":"https:\/\/schema.org","@graph":[{"@type":"WebPage","@id":"https:\/\/adrianathebombshell.com\/fr\/spectacles-a-venir\/","url":"https:\/\/adrianathebombshell.com\/fr\/spectacles-a-venir\/","name":"Spectacles \u00e0 venir - Adriana (The Bombshell)","isPartOf":{"@id":"https:\/\/adrianathebombshell.com\/fr\/#website"},"datePublished":"2021-09-21T15:07:31+00:00","dateModified":"2024-04-29T20:35:07+00:00","description":"Voyez la Drag Queen Adriana LIVE lors de ses prochains \u00e9v\u00e9nements et spectacles \u00e0 Montr\u00e9al, \u00e0 Qu\u00e9bec ou dans une ville pr\u00e8s de chez vous!","breadcrumb":{"@id":"https:\/\/adrianathebombshell.com\/fr\/spectacles-a-venir\/#breadcrumb"},"inLanguage":"fr-FR","potentialAction":[{"@type":"ReadAction","target":["https:\/\/adrianathebombshell.com\/fr\/spectacles-a-venir\/"]}]},{"@type":"BreadcrumbList","@id":"https:\/\/adrianathebombshell.com\/fr\/spectacles-a-venir\/#breadcrumb","itemListElement":[{"@type":"ListItem","position":1,"name":"Home","item":"https:\/\/adrianathebombshell.com\/fr\/"},{"@type":"ListItem","position":2,"name":"Spectacles \u00e0 venir"}]},{"@type":"WebSite","@id":"https:\/\/adrianathebombshell.com\/fr\/#website","url":"https:\/\/adrianathebombshell.com\/fr\/","name":"Adriana (The Bombshell)","description":"Adriana the Latinx drag bombshell","publisher":{"@id":"https:\/\/adrianathebombshell.com\/fr\/#organization"},"potentialAction":[{"@type":"SearchAction","target":{"@type":"EntryPoint","urlTemplate":"https:\/\/adrianathebombshell.com\/fr\/?s={search_term_string}"},"query-input":{"@type":"PropertyValueSpecification","valueRequired":true,"valueName":"search_term_string"}}],"inLanguage":"fr-FR"},{"@type":"Organization","@id":"https:\/\/adrianathebombshell.com\/fr\/#organization","name":"Adriana The Bombshell","url":"https:\/\/adrianathebombshell.com\/fr\/","logo":{"@type":"ImageObject","inLanguage":"fr-FR","@id":"https:\/\/adrianathebombshell.com\/fr\/#\/schema\/logo\/image\/","url":"https:\/\/adrianathebombshell.com\/wp-content\/uploads\/2021\/12\/ADRIANA-FINAL-Officiel-Pink.png","contentUrl":"https:\/\/adrianathebombshell.com\/wp-content\/uploads\/2021\/12\/ADRIANA-FINAL-Officiel-Pink.png","width":1920,"height":1080,"caption":"Adriana The Bombshell"},"image":{"@id":"https:\/\/adrianathebombshell.com\/fr\/#\/schema\/logo\/image\/"},"sameAs":["https:\/\/www.facebook.com\/adrianathebombshell","https:\/\/x.com\/thebombadriana","http:\/\/instagram.com\/adrianathebombshel\/"]}]}},"_links":{"self":[{"href":"https:\/\/adrianathebombshell.com\/fr\/wp-json\/wp\/v2\/pages\/469","targetHints":{"allow":["GET"]}}],"collection":[{"href":"https:\/\/adrianathebombshell.com\/fr\/wp-json\/wp\/v2\/pages"}],"about":[{"href":"https:\/\/adrianathebombshell.com\/fr\/wp-json\/wp\/v2\/types\/page"}],"author":[{"embeddable":true,"href":"https:\/\/adrianathebombshell.com\/fr\/wp-json\/wp\/v2\/users\/1"}],"replies":[{"embeddable":true,"href":"https:\/\/adrianathebombshell.com\/fr\/wp-json\/wp\/v2\/comments?post=469"}],"version-history":[{"count":18,"href":"https:\/\/adrianathebombshell.com\/fr\/wp-json\/wp\/v2\/pages\/469\/revisions"}],"predecessor-version":[{"id":749,"href":"https:\/\/adrianathebombshell.com\/fr\/wp-json\/wp\/v2\/pages\/469\/revisions\/749"}],"wp:attachment":[{"href":"https:\/\/adrianathebombshell.com\/fr\/wp-json\/wp\/v2\/media?parent=469"}],"curies":[{"name":"wp","href":"https:\/\/api.w.org\/{rel}","templated":true}]}}