{"id":504,"date":"2017-01-10T23:54:05","date_gmt":"2017-01-11T04:54:05","guid":{"rendered":"https:\/\/adrianathebombshell.com\/6-2\/"},"modified":"2024-02-20T19:37:56","modified_gmt":"2024-02-21T00:37:56","slug":"home","status":"publish","type":"page","link":"https:\/\/adrianathebombshell.com\/fr\/","title":{"rendered":"Accueil"},"content":{"rendered":"[vc_row type=\u00a0\u00bbin_container\u00a0\u00bb full_screen_row_position=\u00a0\u00bbmiddle\u00a0\u00bb column_margin=\u00a0\u00bbdefault\u00a0\u00bb column_direction=\u00a0\u00bbdefault\u00a0\u00bb column_direction_tablet=\u00a0\u00bbdefault\u00a0\u00bb column_direction_phone=\u00a0\u00bbdefault\u00a0\u00bb scene_position=\u00a0\u00bbcenter\u00a0\u00bb text_color=\u00a0\u00bbdark\u00a0\u00bb text_align=\u00a0\u00bbleft\u00a0\u00bb row_border_radius=\u00a0\u00bbnone\u00a0\u00bb row_border_radius_applies=\u00a0\u00bbbg\u00a0\u00bb overlay_strength=\u00a0\u00bb0.3&Prime; gradient_direction=\u00a0\u00bbleft_to_right\u00a0\u00bb shape_divider_position=\u00a0\u00bbbottom\u00a0\u00bb bg_image_animation=\u00a0\u00bbnone\u00a0\u00bb][vc_column column_padding=\u00a0\u00bbno-extra-padding\u00a0\u00bb column_padding_tablet=\u00a0\u00bbinherit\u00a0\u00bb column_padding_phone=\u00a0\u00bbinherit\u00a0\u00bb column_padding_position=\u00a0\u00bball\u00a0\u00bb column_element_spacing=\u00a0\u00bbdefault\u00a0\u00bb background_color_opacity=\u00a0\u00bb1&Prime; background_hover_color_opacity=\u00a0\u00bb1&Prime; column_shadow=\u00a0\u00bbnone\u00a0\u00bb column_border_radius=\u00a0\u00bbnone\u00a0\u00bb column_link_target=\u00a0\u00bb_self\u00a0\u00bb gradient_direction=\u00a0\u00bbleft_to_right\u00a0\u00bb overlay_strength=\u00a0\u00bb0.3&Prime; width=\u00a0\u00bb1\/1&Prime; tablet_width_inherit=\u00a0\u00bbdefault\u00a0\u00bb tablet_text_alignment=\u00a0\u00bbdefault\u00a0\u00bb phone_text_alignment=\u00a0\u00bbdefault\u00a0\u00bb bg_image_animation=\u00a0\u00bbnone\u00a0\u00bb border_type=\u00a0\u00bbsimple\u00a0\u00bb column_border_width=\u00a0\u00bbnone\u00a0\u00bb column_border_style=\u00a0\u00bbsolid\u00a0\u00bb]<div  data-transition=\"slide\" data-overall_style=\"classic\" data-flexible-height=\"true\" data-animate-in-effect=\"zoom-out\" data-fullscreen=\"true\" data-button-sizing=\"regular\" data-button-styling=\"btn_with_count\" data-autorotate=\"\" data-parallax=\"false\" data-parallax-disable-mobile=\"\" data-caption-trans=\"fade_in_from_bottom\" data-parallax-style=\"bg_only\" data-bg-animation=\"none\" data-full-width=\"true\" class=\"nectar-slider-wrap \" id=\"nectar-slider-instance-1\"><div class=\"swiper-container\"  data-tho=\"auto\" data-tco=\"auto\" data-pho=\"auto\" data-pco=\"auto\" data-loop=\"false\" data-height=\"650\" data-min-height=\"\" data-arrows=\"true\" data-bullets=\"true\" data-bullet_style=\"scale\" data-bullet_position=\"right\" data-desktop-swipe=\"true\" data-settings=\"\"> <div class=\"swiper-wrapper\"><div class=\"swiper-slide\" data-desktop-content-width=\"auto\" data-tablet-content-width=\"auto\" data-bg-alignment=\"center\" data-color-scheme=\"light\" data-x-pos=\"left\" data-y-pos=\"middle\" ><div class=\"slide-bg-wrap\"><div class=\"image-bg\" style=\"background-image: url(https:\/\/adrianathebombshell.com\/wp-content\/uploads\/2023\/10\/IMG_1177.jpg);\"> &nbsp; <\/div><div class=\"slide-bg-overlay\" style=\"background-color: #20003d;\"> &nbsp; <\/div><\/div><div class=\"container\">\r\n\t\t\t\t\t\t<div class=\"content\"><h2>Engagez Adriana<\/h2><p  ><span>Mettez du piquant \u00e0 votre \u00e9v\u00e9nement avec Adriana! F\u00eates, mariages, lev\u00e9es de fonds, productions cl\u00e9 en main, et plus! <\/span><\/p><div class=\"buttons\"><div class=\"button solid_color\">\r\n\t\t\t\t\t\t\t\t\t\t <a class=\"primary-color\" href=\"https:\/\/adrianathebombshell.com\/fr\/contact\/\">Engagez Adriana<\/a>\r\n\t\t\t\t\t\t\t\t\t\t<\/div><\/div><\/div>\r\n\t\t\t\t\t\t\t\t<\/div><!--\/container--><a href=\"#\" class=\"slider-down-arrow no-border\"><svg class=\"nectar-scroll-icon\" viewBox=\"0 0 30 45\" enable-background=\"new 0 0 30 45\">\r\n\t\t\t\t\t\t\t\t\t<path class=\"nectar-scroll-icon-path\" fill=\"none\" stroke=\"#ffffff\" stroke-width=\"2\" stroke-miterlimit=\"10\" d=\"M15,1.118c12.352,0,13.967,12.88,13.967,12.88v18.76  c0,0-1.514,11.204-13.967,11.204S0.931,32.966,0.931,32.966V14.05C0.931,14.05,2.648,1.118,15,1.118z\"><\/path>\r\n\t\t\t\t\t\t\t\t\t<\/svg><\/a><div class=\"video-texture \"> <span class=\"ie-fix\"><\/span> <\/div><\/div> <!--\/swiper-slide--><\/div><div class=\"nectar-slider-loading \"> <span class=\"loading-icon none\">   <\/span> <\/div> <\/div> \r\n\t\t\t\t\t\r\n\t\t\t\t\t<\/div>[\/vc_column][\/vc_row][vc_row type=\u00a0\u00bbin_container\u00a0\u00bb full_screen_row_position=\u00a0\u00bbmiddle\u00a0\u00bb column_margin=\u00a0\u00bbdefault\u00a0\u00bb column_direction=\u00a0\u00bbdefault\u00a0\u00bb column_direction_tablet=\u00a0\u00bbdefault\u00a0\u00bb column_direction_phone=\u00a0\u00bbdefault\u00a0\u00bb scene_position=\u00a0\u00bbcenter\u00a0\u00bb text_color=\u00a0\u00bbdark\u00a0\u00bb text_align=\u00a0\u00bbleft\u00a0\u00bb row_border_radius=\u00a0\u00bbnone\u00a0\u00bb row_border_radius_applies=\u00a0\u00bbbg\u00a0\u00bb overlay_strength=\u00a0\u00bb0.3&Prime; gradient_direction=\u00a0\u00bbleft_to_right\u00a0\u00bb shape_divider_position=\u00a0\u00bbbottom\u00a0\u00bb bg_image_animation=\u00a0\u00bbnone\u00a0\u00bb][vc_column column_padding=\u00a0\u00bbno-extra-padding\u00a0\u00bb column_padding_tablet=\u00a0\u00bbinherit\u00a0\u00bb column_padding_phone=\u00a0\u00bbinherit\u00a0\u00bb column_padding_position=\u00a0\u00bball\u00a0\u00bb column_element_spacing=\u00a0\u00bbdefault\u00a0\u00bb background_color_opacity=\u00a0\u00bb1&Prime; background_hover_color_opacity=\u00a0\u00bb1&Prime; column_shadow=\u00a0\u00bbnone\u00a0\u00bb column_border_radius=\u00a0\u00bbnone\u00a0\u00bb column_link_target=\u00a0\u00bb_self\u00a0\u00bb gradient_direction=\u00a0\u00bbleft_to_right\u00a0\u00bb overlay_strength=\u00a0\u00bb0.3&Prime; width=\u00a0\u00bb1\/1&Prime; tablet_width_inherit=\u00a0\u00bbdefault\u00a0\u00bb tablet_text_alignment=\u00a0\u00bbdefault\u00a0\u00bb phone_text_alignment=\u00a0\u00bbdefault\u00a0\u00bb bg_image_animation=\u00a0\u00bbnone\u00a0\u00bb border_type=\u00a0\u00bbsimple\u00a0\u00bb column_border_width=\u00a0\u00bbnone\u00a0\u00bb column_border_style=\u00a0\u00bbsolid\u00a0\u00bb]<div  data-transition=\"slide\" data-overall_style=\"classic\" data-flexible-height=\"true\" data-animate-in-effect=\"zoom-out\" data-fullscreen=\"true\" data-button-sizing=\"regular\" data-button-styling=\"btn_with_count\" data-autorotate=\"\" data-parallax=\"false\" data-parallax-disable-mobile=\"\" data-caption-trans=\"fade_in_from_bottom\" data-parallax-style=\"bg_only\" data-bg-animation=\"none\" data-full-width=\"true\" class=\"nectar-slider-wrap \" id=\"nectar-slider-instance-2\"><div class=\"swiper-container\"  data-tho=\"auto\" data-tco=\"auto\" data-pho=\"auto\" data-pco=\"auto\" data-loop=\"false\" data-height=\"650\" data-min-height=\"\" data-arrows=\"true\" data-bullets=\"true\" data-bullet_style=\"see_through\" data-bullet_position=\"right\" data-desktop-swipe=\"true\" data-settings=\"\"> <div class=\"swiper-wrapper\"><div class=\"swiper-slide\" data-desktop-content-width=\"auto\" data-tablet-content-width=\"auto\" data-bg-alignment=\"center\" data-color-scheme=\"light\" data-x-pos=\"left\" data-y-pos=\"middle\" ><div class=\"slide-bg-wrap\"><div class=\"image-bg\" style=\"background-image: url(https:\/\/adrianathebombshell.com\/wp-content\/uploads\/2023\/10\/72466934_2367197190015170_2967565777240064000_n.jpg);\"> &nbsp; <\/div><div class=\"slide-bg-overlay\" style=\"background-color: #20003d;\"> &nbsp; <\/div><\/div><div class=\"container\">\r\n\t\t\t\t\t\t<div class=\"content\"><h2>Voyez-la LIVE!<\/h2><p  ><span>Regardez les prochaines dates o\u00f9 vous pourrez la trouver!<\/span><\/p><div class=\"buttons\"><div class=\"button transparent\">\r\n\t\t\t\t\t\t\t\t\t\t <a class=\"primary-color\" href=\"https:\/\/adrianathebombshell.com\/fr\/spectacles-a-venir\/\">Spectacles \u00e0 venir<\/a>\r\n\t\t\t\t\t\t\t\t\t\t<\/div><\/div><\/div>\r\n\t\t\t\t\t\t\t\t<\/div><!--\/container--><div class=\"video-texture \"> <span class=\"ie-fix\"><\/span> <\/div><\/div> <!--\/swiper-slide--><\/div><div class=\"nectar-slider-loading \"> <span class=\"loading-icon none\">   <\/span> <\/div> <\/div> \r\n\t\t\t\t\t\r\n\t\t\t\t\t<\/div>[\/vc_column][\/vc_row]\n","protected":false},"excerpt":{"rendered":"<p>[vc_row type=\u00a0\u00bbin_container\u00a0\u00bb full_screen_row_position=\u00a0\u00bbmiddle\u00a0\u00bb column_margin=\u00a0\u00bbdefault\u00a0\u00bb column_direction=\u00a0\u00bbdefault\u00a0\u00bb column_direction_tablet=\u00a0\u00bbdefault\u00a0\u00bb column_direction_phone=\u00a0\u00bbdefault\u00a0\u00bb scene_position=\u00a0\u00bbcenter\u00a0\u00bb text_color=\u00a0\u00bbdark\u00a0\u00bb text_align=\u00a0\u00bbleft\u00a0\u00bb row_border_radius=\u00a0\u00bbnone\u00a0\u00bb row_border_radius_applies=\u00a0\u00bbbg\u00a0\u00bb overlay_strength=\u00a0\u00bb0.3&Prime; gradient_direction=\u00a0\u00bbleft_to_right\u00a0\u00bb shape_divider_position=\u00a0\u00bbbottom\u00a0\u00bb bg_image_animation=\u00a0\u00bbnone\u00a0\u00bb][vc_column column_padding=\u00a0\u00bbno-extra-padding\u00a0\u00bb column_padding_tablet=\u00a0\u00bbinherit\u00a0\u00bb column_padding_phone=\u00a0\u00bbinherit\u00a0\u00bb column_padding_position=\u00a0\u00bball\u00a0\u00bb column_element_spacing=\u00a0\u00bbdefault\u00a0\u00bb background_color_opacity=\u00a0\u00bb1&Prime; background_hover_color_opacity=\u00a0\u00bb1&Prime; column_shadow=\u00a0\u00bbnone\u00a0\u00bb column_border_radius=\u00a0\u00bbnone\u00a0\u00bb column_link_target=\u00a0\u00bb_self\u00a0\u00bb gradient_direction=\u00a0\u00bbleft_to_right\u00a0\u00bb overlay_strength=\u00a0\u00bb0.3&Prime; width=\u00a0\u00bb1\/1&Prime; tablet_width_inherit=\u00a0\u00bbdefault\u00a0\u00bb&#8230;<\/p>\n","protected":false},"author":1,"featured_media":459,"parent":0,"menu_order":0,"comment_status":"closed","ping_status":"closed","template":"template-no-footer.php","meta":{"footnotes":""},"class_list":["post-504","page","type-page","status-publish","has-post-thumbnail"],"yoast_head":"<!-- This site is optimized with the Yoast SEO Premium plugin v21.6 (Yoast SEO v27.6) - https:\/\/yoast.com\/product\/yoast-seo-premium-wordpress\/ -->\n<title>Accueil - Adriana (The Bombshell)<\/title>\n<meta name=\"description\" content=\"Site officiel d&#039;Adriana de Canada&#039;s Drag Race. Drag queen, animatrice, actrice et Bombshell de Montr\u00e9al.\" \/>\n<meta name=\"robots\" content=\"index, follow, max-snippet:-1, max-image-preview:large, max-video-preview:-1\" \/>\n<link rel=\"canonical\" href=\"https:\/\/adrianathebombshell.com\/fr\/\" \/>\n<meta property=\"og:locale\" content=\"fr_FR\" \/>\n<meta property=\"og:type\" content=\"article\" \/>\n<meta property=\"og:title\" content=\"Accueil\" \/>\n<meta property=\"og:description\" content=\"Site officiel d&#039;Adriana de Canada&#039;s Drag Race. Drag queen, animatrice, actrice et Bombshell de Montr\u00e9al.\" \/>\n<meta property=\"og:url\" content=\"https:\/\/adrianathebombshell.com\/fr\/\" \/>\n<meta property=\"og:site_name\" content=\"Adriana (The Bombshell)\" \/>\n<meta property=\"article:publisher\" content=\"https:\/\/www.facebook.com\/adrianathebombshell\" \/>\n<meta property=\"article:modified_time\" content=\"2024-02-21T00:37:56+00:00\" \/>\n<meta property=\"og:image\" content=\"https:\/\/adrianathebombshell.com\/wp-content\/uploads\/2021\/09\/ROCHE-scaled.jpg\" \/>\n\t<meta property=\"og:image:width\" content=\"2560\" \/>\n\t<meta property=\"og:image:height\" content=\"1836\" \/>\n\t<meta property=\"og:image:type\" content=\"image\/jpeg\" \/>\n<meta name=\"twitter:card\" content=\"summary_large_image\" \/>\n<meta name=\"twitter:site\" content=\"@thebombadriana\" \/>\n<meta name=\"twitter:label1\" content=\"Dur\u00e9e de lecture estim\u00e9e\" \/>\n\t<meta name=\"twitter:data1\" content=\"1 minute\" \/>\n<script type=\"application\/ld+json\" class=\"yoast-schema-graph\">{\"@context\":\"https:\\\/\\\/schema.org\",\"@graph\":[{\"@type\":\"WebPage\",\"@id\":\"https:\\\/\\\/adrianathebombshell.com\\\/fr\\\/\",\"url\":\"https:\\\/\\\/adrianathebombshell.com\\\/fr\\\/\",\"name\":\"Accueil - Adriana (The Bombshell)\",\"isPartOf\":{\"@id\":\"https:\\\/\\\/adrianathebombshell.com\\\/fr\\\/#website\"},\"primaryImageOfPage\":{\"@id\":\"https:\\\/\\\/adrianathebombshell.com\\\/fr\\\/#primaryimage\"},\"image\":{\"@id\":\"https:\\\/\\\/adrianathebombshell.com\\\/fr\\\/#primaryimage\"},\"thumbnailUrl\":\"https:\\\/\\\/adrianathebombshell.com\\\/wp-content\\\/uploads\\\/2021\\\/09\\\/ROCHE-scaled.jpg\",\"datePublished\":\"2017-01-11T04:54:05+00:00\",\"dateModified\":\"2024-02-21T00:37:56+00:00\",\"description\":\"Site officiel d'Adriana de Canada's Drag Race. Drag queen, animatrice, actrice et Bombshell de Montr\u00e9al.\",\"breadcrumb\":{\"@id\":\"https:\\\/\\\/adrianathebombshell.com\\\/fr\\\/#breadcrumb\"},\"inLanguage\":\"fr-FR\",\"potentialAction\":[{\"@type\":\"ReadAction\",\"target\":[\"https:\\\/\\\/adrianathebombshell.com\\\/fr\\\/\"]}]},{\"@type\":\"ImageObject\",\"inLanguage\":\"fr-FR\",\"@id\":\"https:\\\/\\\/adrianathebombshell.com\\\/fr\\\/#primaryimage\",\"url\":\"https:\\\/\\\/adrianathebombshell.com\\\/wp-content\\\/uploads\\\/2021\\\/09\\\/ROCHE-scaled.jpg\",\"contentUrl\":\"https:\\\/\\\/adrianathebombshell.com\\\/wp-content\\\/uploads\\\/2021\\\/09\\\/ROCHE-scaled.jpg\",\"width\":2560,\"height\":1836,\"caption\":\"Adriana The Bombshell\"},{\"@type\":\"BreadcrumbList\",\"@id\":\"https:\\\/\\\/adrianathebombshell.com\\\/fr\\\/#breadcrumb\",\"itemListElement\":[{\"@type\":\"ListItem\",\"position\":1,\"name\":\"Home\",\"item\":\"https:\\\/\\\/adrianathebombshell.com\\\/fr\\\/\"},{\"@type\":\"ListItem\",\"position\":2,\"name\":\"Accueil\"}]},{\"@type\":\"WebSite\",\"@id\":\"https:\\\/\\\/adrianathebombshell.com\\\/fr\\\/#website\",\"url\":\"https:\\\/\\\/adrianathebombshell.com\\\/fr\\\/\",\"name\":\"Adriana (The Bombshell)\",\"description\":\"Adriana the Latinx drag bombshell\",\"publisher\":{\"@id\":\"https:\\\/\\\/adrianathebombshell.com\\\/fr\\\/#organization\"},\"potentialAction\":[{\"@type\":\"SearchAction\",\"target\":{\"@type\":\"EntryPoint\",\"urlTemplate\":\"https:\\\/\\\/adrianathebombshell.com\\\/fr\\\/?s={search_term_string}\"},\"query-input\":{\"@type\":\"PropertyValueSpecification\",\"valueRequired\":true,\"valueName\":\"search_term_string\"}}],\"inLanguage\":\"fr-FR\"},{\"@type\":\"Organization\",\"@id\":\"https:\\\/\\\/adrianathebombshell.com\\\/fr\\\/#organization\",\"name\":\"Adriana The Bombshell\",\"url\":\"https:\\\/\\\/adrianathebombshell.com\\\/fr\\\/\",\"logo\":{\"@type\":\"ImageObject\",\"inLanguage\":\"fr-FR\",\"@id\":\"https:\\\/\\\/adrianathebombshell.com\\\/fr\\\/#\\\/schema\\\/logo\\\/image\\\/\",\"url\":\"https:\\\/\\\/adrianathebombshell.com\\\/wp-content\\\/uploads\\\/2021\\\/12\\\/ADRIANA-FINAL-Officiel-Pink.png\",\"contentUrl\":\"https:\\\/\\\/adrianathebombshell.com\\\/wp-content\\\/uploads\\\/2021\\\/12\\\/ADRIANA-FINAL-Officiel-Pink.png\",\"width\":1920,\"height\":1080,\"caption\":\"Adriana The Bombshell\"},\"image\":{\"@id\":\"https:\\\/\\\/adrianathebombshell.com\\\/fr\\\/#\\\/schema\\\/logo\\\/image\\\/\"},\"sameAs\":[\"https:\\\/\\\/www.facebook.com\\\/adrianathebombshell\",\"https:\\\/\\\/x.com\\\/thebombadriana\",\"http:\\\/\\\/instagram.com\\\/adrianathebombshel\\\/\"]}]}<\/script>\n<!-- \/ Yoast SEO Premium plugin. -->","yoast_head_json":{"title":"Accueil - Adriana (The Bombshell)","description":"Site officiel d'Adriana de Canada's Drag Race. Drag queen, animatrice, actrice et Bombshell de Montr\u00e9al.","robots":{"index":"index","follow":"follow","max-snippet":"max-snippet:-1","max-image-preview":"max-image-preview:large","max-video-preview":"max-video-preview:-1"},"canonical":"https:\/\/adrianathebombshell.com\/fr\/","og_locale":"fr_FR","og_type":"article","og_title":"Accueil","og_description":"Site officiel d'Adriana de Canada's Drag Race. Drag queen, animatrice, actrice et Bombshell de Montr\u00e9al.","og_url":"https:\/\/adrianathebombshell.com\/fr\/","og_site_name":"Adriana (The Bombshell)","article_publisher":"https:\/\/www.facebook.com\/adrianathebombshell","article_modified_time":"2024-02-21T00:37:56+00:00","og_image":[{"width":2560,"height":1836,"url":"https:\/\/adrianathebombshell.com\/wp-content\/uploads\/2021\/09\/ROCHE-scaled.jpg","type":"image\/jpeg"}],"twitter_card":"summary_large_image","twitter_site":"@thebombadriana","twitter_misc":{"Dur\u00e9e de lecture estim\u00e9e":"1 minute"},"schema":{"@context":"https:\/\/schema.org","@graph":[{"@type":"WebPage","@id":"https:\/\/adrianathebombshell.com\/fr\/","url":"https:\/\/adrianathebombshell.com\/fr\/","name":"Accueil - Adriana (The Bombshell)","isPartOf":{"@id":"https:\/\/adrianathebombshell.com\/fr\/#website"},"primaryImageOfPage":{"@id":"https:\/\/adrianathebombshell.com\/fr\/#primaryimage"},"image":{"@id":"https:\/\/adrianathebombshell.com\/fr\/#primaryimage"},"thumbnailUrl":"https:\/\/adrianathebombshell.com\/wp-content\/uploads\/2021\/09\/ROCHE-scaled.jpg","datePublished":"2017-01-11T04:54:05+00:00","dateModified":"2024-02-21T00:37:56+00:00","description":"Site officiel d'Adriana de Canada's Drag Race. Drag queen, animatrice, actrice et Bombshell de Montr\u00e9al.","breadcrumb":{"@id":"https:\/\/adrianathebombshell.com\/fr\/#breadcrumb"},"inLanguage":"fr-FR","potentialAction":[{"@type":"ReadAction","target":["https:\/\/adrianathebombshell.com\/fr\/"]}]},{"@type":"ImageObject","inLanguage":"fr-FR","@id":"https:\/\/adrianathebombshell.com\/fr\/#primaryimage","url":"https:\/\/adrianathebombshell.com\/wp-content\/uploads\/2021\/09\/ROCHE-scaled.jpg","contentUrl":"https:\/\/adrianathebombshell.com\/wp-content\/uploads\/2021\/09\/ROCHE-scaled.jpg","width":2560,"height":1836,"caption":"Adriana The Bombshell"},{"@type":"BreadcrumbList","@id":"https:\/\/adrianathebombshell.com\/fr\/#breadcrumb","itemListElement":[{"@type":"ListItem","position":1,"name":"Home","item":"https:\/\/adrianathebombshell.com\/fr\/"},{"@type":"ListItem","position":2,"name":"Accueil"}]},{"@type":"WebSite","@id":"https:\/\/adrianathebombshell.com\/fr\/#website","url":"https:\/\/adrianathebombshell.com\/fr\/","name":"Adriana (The Bombshell)","description":"Adriana the Latinx drag bombshell","publisher":{"@id":"https:\/\/adrianathebombshell.com\/fr\/#organization"},"potentialAction":[{"@type":"SearchAction","target":{"@type":"EntryPoint","urlTemplate":"https:\/\/adrianathebombshell.com\/fr\/?s={search_term_string}"},"query-input":{"@type":"PropertyValueSpecification","valueRequired":true,"valueName":"search_term_string"}}],"inLanguage":"fr-FR"},{"@type":"Organization","@id":"https:\/\/adrianathebombshell.com\/fr\/#organization","name":"Adriana The Bombshell","url":"https:\/\/adrianathebombshell.com\/fr\/","logo":{"@type":"ImageObject","inLanguage":"fr-FR","@id":"https:\/\/adrianathebombshell.com\/fr\/#\/schema\/logo\/image\/","url":"https:\/\/adrianathebombshell.com\/wp-content\/uploads\/2021\/12\/ADRIANA-FINAL-Officiel-Pink.png","contentUrl":"https:\/\/adrianathebombshell.com\/wp-content\/uploads\/2021\/12\/ADRIANA-FINAL-Officiel-Pink.png","width":1920,"height":1080,"caption":"Adriana The Bombshell"},"image":{"@id":"https:\/\/adrianathebombshell.com\/fr\/#\/schema\/logo\/image\/"},"sameAs":["https:\/\/www.facebook.com\/adrianathebombshell","https:\/\/x.com\/thebombadriana","http:\/\/instagram.com\/adrianathebombshel\/"]}]}},"_links":{"self":[{"href":"https:\/\/adrianathebombshell.com\/fr\/wp-json\/wp\/v2\/pages\/504","targetHints":{"allow":["GET"]}}],"collection":[{"href":"https:\/\/adrianathebombshell.com\/fr\/wp-json\/wp\/v2\/pages"}],"about":[{"href":"https:\/\/adrianathebombshell.com\/fr\/wp-json\/wp\/v2\/types\/page"}],"author":[{"embeddable":true,"href":"https:\/\/adrianathebombshell.com\/fr\/wp-json\/wp\/v2\/users\/1"}],"replies":[{"embeddable":true,"href":"https:\/\/adrianathebombshell.com\/fr\/wp-json\/wp\/v2\/comments?post=504"}],"version-history":[{"count":6,"href":"https:\/\/adrianathebombshell.com\/fr\/wp-json\/wp\/v2\/pages\/504\/revisions"}],"predecessor-version":[{"id":726,"href":"https:\/\/adrianathebombshell.com\/fr\/wp-json\/wp\/v2\/pages\/504\/revisions\/726"}],"wp:featuredmedia":[{"embeddable":true,"href":"https:\/\/adrianathebombshell.com\/fr\/wp-json\/wp\/v2\/media\/459"}],"wp:attachment":[{"href":"https:\/\/adrianathebombshell.com\/fr\/wp-json\/wp\/v2\/media?parent=504"}],"curies":[{"name":"wp","href":"https:\/\/api.w.org\/{rel}","templated":true}]}}